{"id":183,"date":"2020-04-15T12:14:03","date_gmt":"2020-04-15T12:14:03","guid":{"rendered":"https:\/\/theflipflop.net\/?page_id=183"},"modified":"2024-12-31T08:34:26","modified_gmt":"2024-12-31T08:34:26","slug":"lage","status":"publish","type":"page","link":"https:\/\/theflipflop.net\/en\/lage\/","title":{"rendered":"Location &amp; Contact"},"content":{"rendered":"<p><strong>How to find us:<\/strong><\/p>\n\n\n\n<p>Welcome to The FlipFlop Guesthouse \u2013 your feel-good oasis in Unawatuna!<br>Our guesthouse is nestled between lush green jungle surroundings and just a few minutes away from the golden sandy beach. Here, you can relax, unwind, and experience the warm and genuine hospitality of Sri Lanka.<\/p>\n\n\n\n<p><strong>What makes \u201cThe FlipFlop\u201d special:<\/strong><\/p>\n\n\n\n<ul class=\"wp-block-list\">\n<li><strong>Close to the beach:<\/strong> Unawatuna Beach is just a 5-minute walk away \u2013 perfect for sun lovers and adventure seekers alike.<\/li>\n\n\n\n<li><strong>Nearby attractions:<\/strong> The historic Galle Fort can be reached in just 15 minutes by tuk-tuk. Jungle Beach and other local highlights are also close by.<\/li>\n\n\n\n<li><strong>Local flair:<\/strong> Restaurants, small shops, and the vibrant charm of Unawatuna are right at your doorstep.<\/li>\n<\/ul>\n\n\n\n<p><strong>How to reach us:<\/strong><\/p>\n\n\n\n<p><strong>By public transport:<\/strong>:<br>From Galle railway station, you can reach us in about 20 minutes by tuk-tuk. The nearest bus stop is just a 5-minute walk away.<\/p>\n\n\n\n<p><strong>From the airport:<\/strong>:<br>By taxi or private transfer, you\u2019ll reach us in approximately 2.5 hours. We\u2019re happy to organize your transfer for you \u2013 just get in touch with us!<\/p>\n\n\n\n<p><strong>Nearby attractions:<\/strong> <\/p>\n\n\n\n<ul class=\"wp-block-list\">\n<li>Unawatuna Beach (5 minutes)<\/li>\n\n\n\n<li>Galle Fort (15 minutes by tuk-tuk)<\/li>\n\n\n\n<li>Jungle Beach (10 minutes by tuk-tuk)<\/li>\n<\/ul>\n\n\n\n<p>All of these places are easily accessible by tuk-tuk. If you need a reliable tuk-tuk driver, just let us know \u2013 we\u2019ll be happy to arrange everything so you get there and back comfortably and safely.<a href=\"\/en\/image1.jpg\/\" target=\"_blank\" rel=\"noreferrer noopener\"><\/a><\/p>\n\n\n\n<div class=\"wp-block-group has-global-padding is-content-justification-center is-layout-constrained wp-block-group-is-layout-constrained\">\n<iframe src=\"https:\/\/www.google.com\/maps\/embed?pb=!1m18!1m12!1m3!1d3967.846286596269!2d80.24583457456882!3d6.0158320939695065!2m3!1f0!2f0!3f0!3m2!1i1024!2i768!4f13.1!3m3!1m2!1s0x3ae16d32f65d90b5%3A0xdae5934fd937fbcf!2sThe%20FlipFlop!5e0!3m2!1sde!2sat!4v1735627758923!5m2!1sde!2sat\" width=\"600\" height=\"450\" style=\"border:0;\" allowfullscreen=\"\" loading=\"lazy\" referrerpolicy=\"no-referrer-when-downgrade\"><\/iframe>\n\n<\/div>\n\n\n\n<p>Wir sind f\u00fcr dich da \u2013 schreib uns, ruf uns an oder folge uns in den sozialen Medien!<\/p>\n\n\n\n<h3 class=\"wp-block-heading\"><strong>Get in touch with us<\/strong><\/h3>\n\n\n\n<p style=\"line-height:1.4\"><strong>Address:<\/strong><\/p>\n\n\n\n<p style=\"line-height:0.2\">The FlipFlop <\/p>\n\n\n\n<p style=\"line-height:0.2\">222\/14 Matara Rd <\/p>\n\n\n\n<p style=\"line-height:0.2\">80600 Unawatuna, Sri Lanka<\/p>\n\n\n\n<p><strong>Phone:<\/strong><br>+94 772188625<\/p>\n\n\n\n<p class=\"has-contrast-color has-text-color has-link-color wp-elements-af0b55f2dfd3488f634e7e82bcf6a20d\"><a href=\"mailto:theflipflop@gmx.net\">Send us an email<\/a><\/p>\n\n\n\n<p><strong>Follow us<\/strong><\/p>\n\n\n\n<ul class=\"wp-block-social-links is-layout-flex wp-block-social-links-is-layout-flex\"><li class=\"wp-social-link wp-social-link-facebook  wp-block-social-link\"><a href=\"https:\/\/www.facebook.com\/theflipflopunawatuna\/?locale=de_DE\" class=\"wp-block-social-link-anchor\"><svg width=\"24\" height=\"24\" viewbox=\"0 0 24 24\" version=\"1.1\" xmlns=\"http:\/\/www.w3.org\/2000\/svg\" aria-hidden=\"true\" focusable=\"false\"><path d=\"M12 2C6.5 2 2 6.5 2 12c0 5 3.7 9.1 8.4 9.9v-7H7.9V12h2.5V9.8c0-2.5 1.5-3.9 3.8-3.9 1.1 0 2.2.2 2.2.2v2.5h-1.3c-1.2 0-1.6.8-1.6 1.6V12h2.8l-.4 2.9h-2.3v7C18.3 21.1 22 17 22 12c0-5.5-4.5-10-10-10z\"><\/path><\/svg><span class=\"wp-block-social-link-label screen-reader-text\">Facebook<\/span><\/a><\/li>\n\n<li class=\"wp-social-link wp-social-link-instagram  wp-block-social-link\"><a href=\"https:\/\/www.instagram.com\/theflipflop_unawatuna\/\" class=\"wp-block-social-link-anchor\"><svg width=\"24\" height=\"24\" viewbox=\"0 0 24 24\" version=\"1.1\" xmlns=\"http:\/\/www.w3.org\/2000\/svg\" aria-hidden=\"true\" focusable=\"false\"><path d=\"M12,4.622c2.403,0,2.688,0.009,3.637,0.052c0.877,0.04,1.354,0.187,1.671,0.31c0.42,0.163,0.72,0.358,1.035,0.673 c0.315,0.315,0.51,0.615,0.673,1.035c0.123,0.317,0.27,0.794,0.31,1.671c0.043,0.949,0.052,1.234,0.052,3.637 s-0.009,2.688-0.052,3.637c-0.04,0.877-0.187,1.354-0.31,1.671c-0.163,0.42-0.358,0.72-0.673,1.035 c-0.315,0.315-0.615,0.51-1.035,0.673c-0.317,0.123-0.794,0.27-1.671,0.31c-0.949,0.043-1.233,0.052-3.637,0.052 s-2.688-0.009-3.637-0.052c-0.877-0.04-1.354-0.187-1.671-0.31c-0.42-0.163-0.72-0.358-1.035-0.673 c-0.315-0.315-0.51-0.615-0.673-1.035c-0.123-0.317-0.27-0.794-0.31-1.671C4.631,14.688,4.622,14.403,4.622,12 s0.009-2.688,0.052-3.637c0.04-0.877,0.187-1.354,0.31-1.671c0.163-0.42,0.358-0.72,0.673-1.035 c0.315-0.315,0.615-0.51,1.035-0.673c0.317-0.123,0.794-0.27,1.671-0.31C9.312,4.631,9.597,4.622,12,4.622 M12,3 C9.556,3,9.249,3.01,8.289,3.054C7.331,3.098,6.677,3.25,6.105,3.472C5.513,3.702,5.011,4.01,4.511,4.511 c-0.5,0.5-0.808,1.002-1.038,1.594C3.25,6.677,3.098,7.331,3.054,8.289C3.01,9.249,3,9.556,3,12c0,2.444,0.01,2.751,0.054,3.711 c0.044,0.958,0.196,1.612,0.418,2.185c0.23,0.592,0.538,1.094,1.038,1.594c0.5,0.5,1.002,0.808,1.594,1.038 c0.572,0.222,1.227,0.375,2.185,0.418C9.249,20.99,9.556,21,12,21s2.751-0.01,3.711-0.054c0.958-0.044,1.612-0.196,2.185-0.418 c0.592-0.23,1.094-0.538,1.594-1.038c0.5-0.5,0.808-1.002,1.038-1.594c0.222-0.572,0.375-1.227,0.418-2.185 C20.99,14.751,21,14.444,21,12s-0.01-2.751-0.054-3.711c-0.044-0.958-0.196-1.612-0.418-2.185c-0.23-0.592-0.538-1.094-1.038-1.594 c-0.5-0.5-1.002-0.808-1.594-1.038c-0.572-0.222-1.227-0.375-2.185-0.418C14.751,3.01,14.444,3,12,3L12,3z M12,7.378 c-2.552,0-4.622,2.069-4.622,4.622S9.448,16.622,12,16.622s4.622-2.069,4.622-4.622S14.552,7.378,12,7.378z M12,15 c-1.657,0-3-1.343-3-3s1.343-3,3-3s3,1.343,3,3S13.657,15,12,15z M16.804,6.116c-0.596,0-1.08,0.484-1.08,1.08 s0.484,1.08,1.08,1.08c0.596,0,1.08-0.484,1.08-1.08S17.401,6.116,16.804,6.116z\"><\/path><\/svg><span class=\"wp-block-social-link-label screen-reader-text\">Instagram<\/span><\/a><\/li><\/ul>\n\n\n\n<p><\/p>","protected":false},"excerpt":{"rendered":"<p>So findest Du uns: Willkommen im FlipFlop Guesthouse \u2013 deiner Wohlf\u00fchloase in Unawatuna!Unser G\u00e4stehaus liegt idyllisch zwischen \u00fcppigem Dschungelgr\u00fcn, nur wenige Minuten vom goldenen Sandstrand entfernt. Hier kannst du entspannen, die Seele baumeln lassen und Sri Lankas herzliche Gastfreundschaft erleben. Warum unser &#8222;The FlipFlop&#8220; besonders ist: So erreichst du uns: Mit \u00f6ffentlichen Verkehrsmitteln:Vom Bahnhof Galle [&hellip;]<\/p>","protected":false},"author":1,"featured_media":440,"parent":0,"menu_order":3,"comment_status":"closed","ping_status":"closed","template":"","meta":{"footnotes":""},"class_list":["post-183","page","type-page","status-publish","has-post-thumbnail","hentry"],"yoast_head":"<!-- This site is optimized with the Yoast SEO plugin v27.5 - https:\/\/yoast.com\/product\/yoast-seo-wordpress\/ -->\n<title>Lage &amp; Kontakt The FlipFlop Unawatuna -<\/title>\n<meta name=\"description\" content=\"%\" \/>\n<meta name=\"robots\" content=\"index, follow, max-snippet:-1, max-image-preview:large, max-video-preview:-1\" \/>\n<link rel=\"canonical\" href=\"https:\/\/theflipflop.net\/en\/lage\/\" \/>\n<meta property=\"og:locale\" content=\"en_GB\" \/>\n<meta property=\"og:type\" content=\"article\" \/>\n<meta property=\"og:title\" content=\"Lage &amp; Kontakt The FlipFlop Unawatuna -\" \/>\n<meta property=\"og:description\" content=\"%\" \/>\n<meta property=\"og:url\" content=\"https:\/\/theflipflop.net\/en\/lage\/\" \/>\n<meta property=\"og:site_name\" content=\"The FlipFlop Unawatuna\" \/>\n<meta property=\"article:publisher\" content=\"https:\/\/www.facebook.com\/theflipflopunawatuna\/\" \/>\n<meta property=\"article:modified_time\" content=\"2024-12-31T08:34:26+00:00\" \/>\n<meta property=\"og:image\" content=\"https:\/\/theflipflop.net\/wp-content\/uploads\/2024\/11\/7061e893496175bb151536fbe0ef379c098f01f8052d487f8cb39cc6932cad7f-e1735560122175.jpg\" \/>\n\t<meta property=\"og:image:width\" content=\"1280\" \/>\n\t<meta property=\"og:image:height\" content=\"765\" \/>\n\t<meta property=\"og:image:type\" content=\"image\/jpeg\" \/>\n<meta name=\"twitter:card\" content=\"summary_large_image\" \/>\n<meta name=\"twitter:label1\" content=\"Estimated reading time\" \/>\n\t<meta name=\"twitter:data1\" content=\"2 minutes\" \/>\n<script type=\"application\/ld+json\" class=\"yoast-schema-graph\">{\"@context\":\"https:\\\/\\\/schema.org\",\"@graph\":[{\"@type\":\"WebPage\",\"@id\":\"https:\\\/\\\/theflipflop.net\\\/lage\\\/\",\"url\":\"https:\\\/\\\/theflipflop.net\\\/lage\\\/\",\"name\":\"Lage &amp; Kontakt The FlipFlop Unawatuna -\",\"isPartOf\":{\"@id\":\"https:\\\/\\\/theflipflop.net\\\/#website\"},\"primaryImageOfPage\":{\"@id\":\"https:\\\/\\\/theflipflop.net\\\/lage\\\/#primaryimage\"},\"image\":{\"@id\":\"https:\\\/\\\/theflipflop.net\\\/lage\\\/#primaryimage\"},\"thumbnailUrl\":\"https:\\\/\\\/theflipflop.net\\\/wp-content\\\/uploads\\\/2024\\\/11\\\/7061e893496175bb151536fbe0ef379c098f01f8052d487f8cb39cc6932cad7f-e1735560122175.jpg\",\"datePublished\":\"2020-04-15T12:14:03+00:00\",\"dateModified\":\"2024-12-31T08:34:26+00:00\",\"description\":\"%\",\"breadcrumb\":{\"@id\":\"https:\\\/\\\/theflipflop.net\\\/lage\\\/#breadcrumb\"},\"inLanguage\":\"en-GB\",\"potentialAction\":[{\"@type\":\"ReadAction\",\"target\":[\"https:\\\/\\\/theflipflop.net\\\/lage\\\/\"]}]},{\"@type\":\"ImageObject\",\"inLanguage\":\"en-GB\",\"@id\":\"https:\\\/\\\/theflipflop.net\\\/lage\\\/#primaryimage\",\"url\":\"https:\\\/\\\/theflipflop.net\\\/wp-content\\\/uploads\\\/2024\\\/11\\\/7061e893496175bb151536fbe0ef379c098f01f8052d487f8cb39cc6932cad7f-e1735560122175.jpg\",\"contentUrl\":\"https:\\\/\\\/theflipflop.net\\\/wp-content\\\/uploads\\\/2024\\\/11\\\/7061e893496175bb151536fbe0ef379c098f01f8052d487f8cb39cc6932cad7f-e1735560122175.jpg\",\"width\":1280,\"height\":765},{\"@type\":\"BreadcrumbList\",\"@id\":\"https:\\\/\\\/theflipflop.net\\\/lage\\\/#breadcrumb\",\"itemListElement\":[{\"@type\":\"ListItem\",\"position\":1,\"name\":\"Startseite\",\"item\":\"https:\\\/\\\/theflipflop.net\\\/\"},{\"@type\":\"ListItem\",\"position\":2,\"name\":\"Lage &amp; Kontakt\"}]},{\"@type\":\"WebSite\",\"@id\":\"https:\\\/\\\/theflipflop.net\\\/#website\",\"url\":\"https:\\\/\\\/theflipflop.net\\\/\",\"name\":\"The FlipFlop Unawatuna\",\"description\":\"WIR FREUEN UNS AUF EUCH!\",\"publisher\":{\"@id\":\"https:\\\/\\\/theflipflop.net\\\/#organization\"},\"potentialAction\":[{\"@type\":\"SearchAction\",\"target\":{\"@type\":\"EntryPoint\",\"urlTemplate\":\"https:\\\/\\\/theflipflop.net\\\/?s={search_term_string}\"},\"query-input\":{\"@type\":\"PropertyValueSpecification\",\"valueRequired\":true,\"valueName\":\"search_term_string\"}}],\"inLanguage\":\"en-GB\"},{\"@type\":\"Organization\",\"@id\":\"https:\\\/\\\/theflipflop.net\\\/#organization\",\"name\":\"The FlipFlop Unawatuna\",\"url\":\"https:\\\/\\\/theflipflop.net\\\/\",\"logo\":{\"@type\":\"ImageObject\",\"inLanguage\":\"en-GB\",\"@id\":\"https:\\\/\\\/theflipflop.net\\\/#\\\/schema\\\/logo\\\/image\\\/\",\"url\":\"https:\\\/\\\/theflipflop.net\\\/wp-content\\\/uploads\\\/2024\\\/03\\\/cropped-cropped-cropped-61310_VJ_KB_6_B-4-2-300x180-1.jpg\",\"contentUrl\":\"https:\\\/\\\/theflipflop.net\\\/wp-content\\\/uploads\\\/2024\\\/03\\\/cropped-cropped-cropped-61310_VJ_KB_6_B-4-2-300x180-1.jpg\",\"width\":300,\"height\":144,\"caption\":\"The FlipFlop Unawatuna\"},\"image\":{\"@id\":\"https:\\\/\\\/theflipflop.net\\\/#\\\/schema\\\/logo\\\/image\\\/\"},\"sameAs\":[\"https:\\\/\\\/www.facebook.com\\\/theflipflopunawatuna\\\/\",\"https:\\\/\\\/www.instagram.com\\\/theflipflop_unawatuna\\\/\"]}]}<\/script>\n<!-- \/ Yoast SEO plugin. -->","yoast_head_json":{"title":"Lage &amp; Kontakt The FlipFlop Unawatuna -","description":"%","robots":{"index":"index","follow":"follow","max-snippet":"max-snippet:-1","max-image-preview":"max-image-preview:large","max-video-preview":"max-video-preview:-1"},"canonical":"https:\/\/theflipflop.net\/en\/lage\/","og_locale":"en_GB","og_type":"article","og_title":"Lage &amp; Kontakt The FlipFlop Unawatuna -","og_description":"%","og_url":"https:\/\/theflipflop.net\/en\/lage\/","og_site_name":"The FlipFlop Unawatuna","article_publisher":"https:\/\/www.facebook.com\/theflipflopunawatuna\/","article_modified_time":"2024-12-31T08:34:26+00:00","og_image":[{"width":1280,"height":765,"url":"https:\/\/theflipflop.net\/wp-content\/uploads\/2024\/11\/7061e893496175bb151536fbe0ef379c098f01f8052d487f8cb39cc6932cad7f-e1735560122175.jpg","type":"image\/jpeg"}],"twitter_card":"summary_large_image","twitter_misc":{"Estimated reading time":"2 minutes"},"schema":{"@context":"https:\/\/schema.org","@graph":[{"@type":"WebPage","@id":"https:\/\/theflipflop.net\/lage\/","url":"https:\/\/theflipflop.net\/lage\/","name":"Lage &amp; Kontakt The FlipFlop Unawatuna -","isPartOf":{"@id":"https:\/\/theflipflop.net\/#website"},"primaryImageOfPage":{"@id":"https:\/\/theflipflop.net\/lage\/#primaryimage"},"image":{"@id":"https:\/\/theflipflop.net\/lage\/#primaryimage"},"thumbnailUrl":"https:\/\/theflipflop.net\/wp-content\/uploads\/2024\/11\/7061e893496175bb151536fbe0ef379c098f01f8052d487f8cb39cc6932cad7f-e1735560122175.jpg","datePublished":"2020-04-15T12:14:03+00:00","dateModified":"2024-12-31T08:34:26+00:00","description":"%","breadcrumb":{"@id":"https:\/\/theflipflop.net\/lage\/#breadcrumb"},"inLanguage":"en-GB","potentialAction":[{"@type":"ReadAction","target":["https:\/\/theflipflop.net\/lage\/"]}]},{"@type":"ImageObject","inLanguage":"en-GB","@id":"https:\/\/theflipflop.net\/lage\/#primaryimage","url":"https:\/\/theflipflop.net\/wp-content\/uploads\/2024\/11\/7061e893496175bb151536fbe0ef379c098f01f8052d487f8cb39cc6932cad7f-e1735560122175.jpg","contentUrl":"https:\/\/theflipflop.net\/wp-content\/uploads\/2024\/11\/7061e893496175bb151536fbe0ef379c098f01f8052d487f8cb39cc6932cad7f-e1735560122175.jpg","width":1280,"height":765},{"@type":"BreadcrumbList","@id":"https:\/\/theflipflop.net\/lage\/#breadcrumb","itemListElement":[{"@type":"ListItem","position":1,"name":"Startseite","item":"https:\/\/theflipflop.net\/"},{"@type":"ListItem","position":2,"name":"Lage &amp; Kontakt"}]},{"@type":"WebSite","@id":"https:\/\/theflipflop.net\/#website","url":"https:\/\/theflipflop.net\/","name":"The FlipFlop Unawatuna","description":"WE CAN\u2019T WAIT TO WELCOME YOU!","publisher":{"@id":"https:\/\/theflipflop.net\/#organization"},"potentialAction":[{"@type":"SearchAction","target":{"@type":"EntryPoint","urlTemplate":"https:\/\/theflipflop.net\/?s={search_term_string}"},"query-input":{"@type":"PropertyValueSpecification","valueRequired":true,"valueName":"search_term_string"}}],"inLanguage":"en-GB"},{"@type":"Organization","@id":"https:\/\/theflipflop.net\/#organization","name":"The FlipFlop Unawatuna","url":"https:\/\/theflipflop.net\/","logo":{"@type":"ImageObject","inLanguage":"en-GB","@id":"https:\/\/theflipflop.net\/#\/schema\/logo\/image\/","url":"https:\/\/theflipflop.net\/wp-content\/uploads\/2024\/03\/cropped-cropped-cropped-61310_VJ_KB_6_B-4-2-300x180-1.jpg","contentUrl":"https:\/\/theflipflop.net\/wp-content\/uploads\/2024\/03\/cropped-cropped-cropped-61310_VJ_KB_6_B-4-2-300x180-1.jpg","width":300,"height":144,"caption":"The FlipFlop Unawatuna"},"image":{"@id":"https:\/\/theflipflop.net\/#\/schema\/logo\/image\/"},"sameAs":["https:\/\/www.facebook.com\/theflipflopunawatuna\/","https:\/\/www.instagram.com\/theflipflop_unawatuna\/"]}]}},"_links":{"self":[{"href":"https:\/\/theflipflop.net\/en\/wp-json\/wp\/v2\/pages\/183","targetHints":{"allow":["GET"]}}],"collection":[{"href":"https:\/\/theflipflop.net\/en\/wp-json\/wp\/v2\/pages"}],"about":[{"href":"https:\/\/theflipflop.net\/en\/wp-json\/wp\/v2\/types\/page"}],"author":[{"embeddable":true,"href":"https:\/\/theflipflop.net\/en\/wp-json\/wp\/v2\/users\/1"}],"replies":[{"embeddable":true,"href":"https:\/\/theflipflop.net\/en\/wp-json\/wp\/v2\/comments?post=183"}],"version-history":[{"count":4,"href":"https:\/\/theflipflop.net\/en\/wp-json\/wp\/v2\/pages\/183\/revisions"}],"predecessor-version":[{"id":691,"href":"https:\/\/theflipflop.net\/en\/wp-json\/wp\/v2\/pages\/183\/revisions\/691"}],"wp:featuredmedia":[{"embeddable":true,"href":"https:\/\/theflipflop.net\/en\/wp-json\/wp\/v2\/media\/440"}],"wp:attachment":[{"href":"https:\/\/theflipflop.net\/en\/wp-json\/wp\/v2\/media?parent=183"}],"curies":[{"name":"wp","href":"https:\/\/api.w.org\/{rel}","templated":true}]}}