{"id":62,"date":"2019-01-22T11:59:06","date_gmt":"2019-01-22T11:59:06","guid":{"rendered":"https:\/\/theflipflop.net\/?page_id=62"},"modified":"2025-03-14T12:02:32","modified_gmt":"2025-03-14T12:02:32","slug":"das-flipflop","status":"publish","type":"page","link":"https:\/\/theflipflop.net\/en\/","title":{"rendered":"Warm Welcome\u2026"},"content":{"rendered":"<p class=\"has-contrast-color has-text-color has-link-color wp-elements-978aa9c942900ac805edf20fd6ad7072\">to \u201cThe FlipFlop\u201d \u2013 our lovingly created home away from home.\nExperience modern comfort, a sense of adventure, and genuine hospitality. <a href=\"https:\/\/theflipflop.net\/en\/ueber-uns\/\" data-type=\"page\" data-id=\"574\">About us!<\/a><\/p>\n\n\n\n<p>The FlipFlop is your personal retreat in the heart of Unawatuna.\nWhat makes us special: three lovingly designed rooms with private bathrooms, a spacious communal area, and what might just be the most beautiful terrace with a jungle view. <\/p>\n\n\n\n<p class=\"has-contrast-color has-text-color has-link-color wp-elements-b23c1a3edc3c26886a930a187726ca2c\">Three cozy rooms, each with its own private bathroom and thoughtful details throughout.\nDiscover your place to unwind and enjoy the comfort you truly deserve. <a href=\"https:\/\/theflipflop.net\/en\/zimmer\/\" data-type=\"page\" data-id=\"185\">Discover our rooms<\/a>.<\/p>\n\n\n\n<p class=\"has-contrast-color has-text-color has-link-color wp-elements-21824ceb2e391e137644c62f018492a8\">Our guesthouse is located right in the heart of Unawatuna \u2013 perfect for beach lovers, adventurers, and nature enthusiasts alike. From here, you\u2019re just steps away from turquoise waters, lush jungle scenery, and cultural highlights. <a href=\"https:\/\/theflipflop.net\/en\/lage\/\" data-type=\"page\" data-id=\"183\">Discover the location<\/a><\/p>\n\n\n\n<p><\/p>\n\n\n\n<p><\/p>\n\n\n\n<figure class=\"wp-block-image size-large\"><img loading=\"lazy\" decoding=\"async\" width=\"1024\" height=\"615\" src=\"https:\/\/theflipflop.net\/wp-content\/uploads\/2019\/01\/cropped-61310_VJ_KB_6_B-4-2-1024x615.jpg\" alt=\"\" class=\"wp-image-45\" srcset=\"https:\/\/theflipflop.net\/wp-content\/uploads\/2019\/01\/cropped-61310_VJ_KB_6_B-4-2-1024x615.jpg 1024w, https:\/\/theflipflop.net\/wp-content\/uploads\/2019\/01\/cropped-61310_VJ_KB_6_B-4-2-300x180.jpg 300w, https:\/\/theflipflop.net\/wp-content\/uploads\/2019\/01\/cropped-61310_VJ_KB_6_B-4-2-768x461.jpg 768w, https:\/\/theflipflop.net\/wp-content\/uploads\/2019\/01\/cropped-61310_VJ_KB_6_B-4-2.jpg 2000w\" sizes=\"auto, (max-width: 1024px) 100vw, 1024px\" \/><\/figure>","protected":false},"excerpt":{"rendered":"<p>im &#8222;The FlipFlop&#8220; \u2013 unserem mit Liebe erschaffenen Zuhause! Erlebe moderne Gem\u00fctlichkeit, Abenteuer und echte Herzlichkeit! &#8211; \u00dcber uns! Das \u201aThe FlipFlop\u2018 ist dein R\u00fcckzugsort im Herzen von Unawatuna. Unsere Highlights: Drei liebevoll gestaltete Zimmer mit eigenem Bad, ein gro\u00dfz\u00fcgiger Gemeinschaftsbereich, und die wohl sch\u00f6nste Terrasse mit Dschungelblick. Drei gem\u00fctliche Zimmer, jedes mit eigenem Bad [&hellip;]<\/p>","protected":false},"author":1,"featured_media":563,"parent":0,"menu_order":0,"comment_status":"closed","ping_status":"closed","template":"","meta":{"footnotes":""},"class_list":["post-62","page","type-page","status-publish","has-post-thumbnail","hentry"],"yoast_head":"<!-- This site is optimized with the Yoast SEO plugin v27.5 - https:\/\/yoast.com\/product\/yoast-seo-wordpress\/ -->\n<title>Herzlich willkommen... The FlipFlop Unawatuna -<\/title>\n<meta name=\"description\" content=\"%\" \/>\n<meta name=\"robots\" content=\"index, follow, max-snippet:-1, max-image-preview:large, max-video-preview:-1\" \/>\n<link rel=\"canonical\" href=\"https:\/\/theflipflop.net\/en\/\" \/>\n<meta property=\"og:locale\" content=\"en_GB\" \/>\n<meta property=\"og:type\" content=\"article\" \/>\n<meta property=\"og:title\" content=\"Herzlich willkommen... The FlipFlop Unawatuna -\" \/>\n<meta property=\"og:description\" content=\"%\" \/>\n<meta property=\"og:url\" content=\"https:\/\/theflipflop.net\/en\/\" \/>\n<meta property=\"og:site_name\" content=\"The FlipFlop Unawatuna\" \/>\n<meta property=\"article:publisher\" content=\"https:\/\/www.facebook.com\/theflipflopunawatuna\/\" \/>\n<meta property=\"article:modified_time\" content=\"2025-03-14T12:02:32+00:00\" \/>\n<meta property=\"og:image\" content=\"https:\/\/theflipflop.net\/wp-content\/uploads\/2024\/12\/ANSICHT_THEFLIPFLOP.jpg\" \/>\n\t<meta property=\"og:image:width\" content=\"1280\" \/>\n\t<meta property=\"og:image:height\" content=\"720\" \/>\n\t<meta property=\"og:image:type\" content=\"image\/jpeg\" \/>\n<meta name=\"twitter:card\" content=\"summary_large_image\" \/>\n<meta name=\"twitter:label1\" content=\"Estimated reading time\" \/>\n\t<meta name=\"twitter:data1\" content=\"1 minute\" \/>\n<script type=\"application\/ld+json\" class=\"yoast-schema-graph\">{\"@context\":\"https:\\\/\\\/schema.org\",\"@graph\":[{\"@type\":\"WebPage\",\"@id\":\"https:\\\/\\\/theflipflop.net\\\/\",\"url\":\"https:\\\/\\\/theflipflop.net\\\/\",\"name\":\"Herzlich willkommen... The FlipFlop Unawatuna -\",\"isPartOf\":{\"@id\":\"https:\\\/\\\/theflipflop.net\\\/#website\"},\"primaryImageOfPage\":{\"@id\":\"https:\\\/\\\/theflipflop.net\\\/#primaryimage\"},\"image\":{\"@id\":\"https:\\\/\\\/theflipflop.net\\\/#primaryimage\"},\"thumbnailUrl\":\"https:\\\/\\\/theflipflop.net\\\/wp-content\\\/uploads\\\/2024\\\/12\\\/ANSICHT_THEFLIPFLOP.jpg\",\"datePublished\":\"2019-01-22T11:59:06+00:00\",\"dateModified\":\"2025-03-14T12:02:32+00:00\",\"description\":\"%\",\"breadcrumb\":{\"@id\":\"https:\\\/\\\/theflipflop.net\\\/#breadcrumb\"},\"inLanguage\":\"en-GB\",\"potentialAction\":[{\"@type\":\"ReadAction\",\"target\":[\"https:\\\/\\\/theflipflop.net\\\/\"]}]},{\"@type\":\"ImageObject\",\"inLanguage\":\"en-GB\",\"@id\":\"https:\\\/\\\/theflipflop.net\\\/#primaryimage\",\"url\":\"https:\\\/\\\/theflipflop.net\\\/wp-content\\\/uploads\\\/2024\\\/12\\\/ANSICHT_THEFLIPFLOP.jpg\",\"contentUrl\":\"https:\\\/\\\/theflipflop.net\\\/wp-content\\\/uploads\\\/2024\\\/12\\\/ANSICHT_THEFLIPFLOP.jpg\",\"width\":1280,\"height\":720},{\"@type\":\"BreadcrumbList\",\"@id\":\"https:\\\/\\\/theflipflop.net\\\/#breadcrumb\",\"itemListElement\":[{\"@type\":\"ListItem\",\"position\":1,\"name\":\"Startseite\",\"item\":\"https:\\\/\\\/theflipflop.net\\\/\"},{\"@type\":\"ListItem\",\"position\":2,\"name\":\"Herzlich willkommen&#8230;\"}]},{\"@type\":\"WebSite\",\"@id\":\"https:\\\/\\\/theflipflop.net\\\/#website\",\"url\":\"https:\\\/\\\/theflipflop.net\\\/\",\"name\":\"The FlipFlop Unawatuna\",\"description\":\"WIR FREUEN UNS AUF EUCH!\",\"publisher\":{\"@id\":\"https:\\\/\\\/theflipflop.net\\\/#organization\"},\"potentialAction\":[{\"@type\":\"SearchAction\",\"target\":{\"@type\":\"EntryPoint\",\"urlTemplate\":\"https:\\\/\\\/theflipflop.net\\\/?s={search_term_string}\"},\"query-input\":{\"@type\":\"PropertyValueSpecification\",\"valueRequired\":true,\"valueName\":\"search_term_string\"}}],\"inLanguage\":\"en-GB\"},{\"@type\":\"Organization\",\"@id\":\"https:\\\/\\\/theflipflop.net\\\/#organization\",\"name\":\"The FlipFlop Unawatuna\",\"url\":\"https:\\\/\\\/theflipflop.net\\\/\",\"logo\":{\"@type\":\"ImageObject\",\"inLanguage\":\"en-GB\",\"@id\":\"https:\\\/\\\/theflipflop.net\\\/#\\\/schema\\\/logo\\\/image\\\/\",\"url\":\"https:\\\/\\\/theflipflop.net\\\/wp-content\\\/uploads\\\/2024\\\/03\\\/cropped-cropped-cropped-61310_VJ_KB_6_B-4-2-300x180-1.jpg\",\"contentUrl\":\"https:\\\/\\\/theflipflop.net\\\/wp-content\\\/uploads\\\/2024\\\/03\\\/cropped-cropped-cropped-61310_VJ_KB_6_B-4-2-300x180-1.jpg\",\"width\":300,\"height\":144,\"caption\":\"The FlipFlop Unawatuna\"},\"image\":{\"@id\":\"https:\\\/\\\/theflipflop.net\\\/#\\\/schema\\\/logo\\\/image\\\/\"},\"sameAs\":[\"https:\\\/\\\/www.facebook.com\\\/theflipflopunawatuna\\\/\",\"https:\\\/\\\/www.instagram.com\\\/theflipflop_unawatuna\\\/\"]}]}<\/script>\n<!-- \/ Yoast SEO plugin. -->","yoast_head_json":{"title":"Herzlich willkommen... The FlipFlop Unawatuna -","description":"%","robots":{"index":"index","follow":"follow","max-snippet":"max-snippet:-1","max-image-preview":"max-image-preview:large","max-video-preview":"max-video-preview:-1"},"canonical":"https:\/\/theflipflop.net\/en\/","og_locale":"en_GB","og_type":"article","og_title":"Herzlich willkommen... The FlipFlop Unawatuna -","og_description":"%","og_url":"https:\/\/theflipflop.net\/en\/","og_site_name":"The FlipFlop Unawatuna","article_publisher":"https:\/\/www.facebook.com\/theflipflopunawatuna\/","article_modified_time":"2025-03-14T12:02:32+00:00","og_image":[{"width":1280,"height":720,"url":"https:\/\/theflipflop.net\/wp-content\/uploads\/2024\/12\/ANSICHT_THEFLIPFLOP.jpg","type":"image\/jpeg"}],"twitter_card":"summary_large_image","twitter_misc":{"Estimated reading time":"1 minute"},"schema":{"@context":"https:\/\/schema.org","@graph":[{"@type":"WebPage","@id":"https:\/\/theflipflop.net\/","url":"https:\/\/theflipflop.net\/","name":"Herzlich willkommen... The FlipFlop Unawatuna -","isPartOf":{"@id":"https:\/\/theflipflop.net\/#website"},"primaryImageOfPage":{"@id":"https:\/\/theflipflop.net\/#primaryimage"},"image":{"@id":"https:\/\/theflipflop.net\/#primaryimage"},"thumbnailUrl":"https:\/\/theflipflop.net\/wp-content\/uploads\/2024\/12\/ANSICHT_THEFLIPFLOP.jpg","datePublished":"2019-01-22T11:59:06+00:00","dateModified":"2025-03-14T12:02:32+00:00","description":"%","breadcrumb":{"@id":"https:\/\/theflipflop.net\/#breadcrumb"},"inLanguage":"en-GB","potentialAction":[{"@type":"ReadAction","target":["https:\/\/theflipflop.net\/"]}]},{"@type":"ImageObject","inLanguage":"en-GB","@id":"https:\/\/theflipflop.net\/#primaryimage","url":"https:\/\/theflipflop.net\/wp-content\/uploads\/2024\/12\/ANSICHT_THEFLIPFLOP.jpg","contentUrl":"https:\/\/theflipflop.net\/wp-content\/uploads\/2024\/12\/ANSICHT_THEFLIPFLOP.jpg","width":1280,"height":720},{"@type":"BreadcrumbList","@id":"https:\/\/theflipflop.net\/#breadcrumb","itemListElement":[{"@type":"ListItem","position":1,"name":"Startseite","item":"https:\/\/theflipflop.net\/"},{"@type":"ListItem","position":2,"name":"Herzlich willkommen&#8230;"}]},{"@type":"WebSite","@id":"https:\/\/theflipflop.net\/#website","url":"https:\/\/theflipflop.net\/","name":"The FlipFlop Unawatuna","description":"WE CAN\u2019T WAIT TO WELCOME YOU!","publisher":{"@id":"https:\/\/theflipflop.net\/#organization"},"potentialAction":[{"@type":"SearchAction","target":{"@type":"EntryPoint","urlTemplate":"https:\/\/theflipflop.net\/?s={search_term_string}"},"query-input":{"@type":"PropertyValueSpecification","valueRequired":true,"valueName":"search_term_string"}}],"inLanguage":"en-GB"},{"@type":"Organization","@id":"https:\/\/theflipflop.net\/#organization","name":"The FlipFlop Unawatuna","url":"https:\/\/theflipflop.net\/","logo":{"@type":"ImageObject","inLanguage":"en-GB","@id":"https:\/\/theflipflop.net\/#\/schema\/logo\/image\/","url":"https:\/\/theflipflop.net\/wp-content\/uploads\/2024\/03\/cropped-cropped-cropped-61310_VJ_KB_6_B-4-2-300x180-1.jpg","contentUrl":"https:\/\/theflipflop.net\/wp-content\/uploads\/2024\/03\/cropped-cropped-cropped-61310_VJ_KB_6_B-4-2-300x180-1.jpg","width":300,"height":144,"caption":"The FlipFlop Unawatuna"},"image":{"@id":"https:\/\/theflipflop.net\/#\/schema\/logo\/image\/"},"sameAs":["https:\/\/www.facebook.com\/theflipflopunawatuna\/","https:\/\/www.instagram.com\/theflipflop_unawatuna\/"]}]}},"_links":{"self":[{"href":"https:\/\/theflipflop.net\/en\/wp-json\/wp\/v2\/pages\/62","targetHints":{"allow":["GET"]}}],"collection":[{"href":"https:\/\/theflipflop.net\/en\/wp-json\/wp\/v2\/pages"}],"about":[{"href":"https:\/\/theflipflop.net\/en\/wp-json\/wp\/v2\/types\/page"}],"author":[{"embeddable":true,"href":"https:\/\/theflipflop.net\/en\/wp-json\/wp\/v2\/users\/1"}],"replies":[{"embeddable":true,"href":"https:\/\/theflipflop.net\/en\/wp-json\/wp\/v2\/comments?post=62"}],"version-history":[{"count":4,"href":"https:\/\/theflipflop.net\/en\/wp-json\/wp\/v2\/pages\/62\/revisions"}],"predecessor-version":[{"id":694,"href":"https:\/\/theflipflop.net\/en\/wp-json\/wp\/v2\/pages\/62\/revisions\/694"}],"wp:featuredmedia":[{"embeddable":true,"href":"https:\/\/theflipflop.net\/en\/wp-json\/wp\/v2\/media\/563"}],"wp:attachment":[{"href":"https:\/\/theflipflop.net\/en\/wp-json\/wp\/v2\/media?parent=62"}],"curies":[{"name":"wp","href":"https:\/\/api.w.org\/{rel}","templated":true}]}}